{"id":813,"date":"2022-05-26T13:06:06","date_gmt":"2022-05-26T13:06:06","guid":{"rendered":"http:\/\/rapol.co.rs\/?post_type=product&#038;p=813"},"modified":"2025-12-17T17:35:57","modified_gmt":"2025-12-17T17:35:57","slug":"tocak-okretni-kocn-o102-250-kg","status":"publish","type":"product","link":"https:\/\/rapol.co.rs\/en\/proizvod\/tocak-okretni-kocn-o102-250-kg\/","title":{"rendered":"To\u010dak okretni ko\u010dn. \u00d8102 250 kg"},"content":{"rendered":"","protected":false},"excerpt":{"rendered":"","protected":false},"featured_media":814,"template":"","meta":[],"product_cat":[43],"product_tag":[],"class_list":["post-813","product","type-product","status-publish","has-post-thumbnail","hentry","product_cat-tockovi-za-kontejnere"],"_links":{"self":[{"href":"https:\/\/rapol.co.rs\/en\/wp-json\/wp\/v2\/product\/813","targetHints":{"allow":["GET"]}}],"collection":[{"href":"https:\/\/rapol.co.rs\/en\/wp-json\/wp\/v2\/product"}],"about":[{"href":"https:\/\/rapol.co.rs\/en\/wp-json\/wp\/v2\/types\/product"}],"wp:featuredmedia":[{"embeddable":true,"href":"https:\/\/rapol.co.rs\/en\/wp-json\/wp\/v2\/media\/814"}],"wp:attachment":[{"href":"https:\/\/rapol.co.rs\/en\/wp-json\/wp\/v2\/media?parent=813"}],"wp:term":[{"taxonomy":"product_cat","embeddable":true,"href":"https:\/\/rapol.co.rs\/en\/wp-json\/wp\/v2\/product_cat?post=813"},{"taxonomy":"product_tag","embeddable":true,"href":"https:\/\/rapol.co.rs\/en\/wp-json\/wp\/v2\/product_tag?post=813"}],"curies":[{"name":"wp","href":"https:\/\/api.w.org\/{rel}","templated":true}]}}