{"id":801,"date":"2022-05-26T12:51:47","date_gmt":"2022-05-26T12:51:47","guid":{"rendered":"http:\/\/rapol.co.rs\/?post_type=product&#038;p=801"},"modified":"2025-12-18T15:38:46","modified_gmt":"2025-12-18T15:38:46","slug":"tocak-okr-sa-kocnicom-o100-100-kg","status":"publish","type":"product","link":"https:\/\/rapol.co.rs\/en\/proizvod\/tocak-okr-sa-kocnicom-o100-100-kg\/","title":{"rendered":"To\u010dak okr.sa ko\u010dnicom \u00d8100 100 kg"},"content":{"rendered":"","protected":false},"excerpt":{"rendered":"","protected":false},"featured_media":799,"template":"","meta":[],"product_cat":[43],"product_tag":[],"class_list":["post-801","product","type-product","status-publish","has-post-thumbnail","hentry","product_cat-tockovi-za-kontejnere"],"_links":{"self":[{"href":"https:\/\/rapol.co.rs\/en\/wp-json\/wp\/v2\/product\/801","targetHints":{"allow":["GET"]}}],"collection":[{"href":"https:\/\/rapol.co.rs\/en\/wp-json\/wp\/v2\/product"}],"about":[{"href":"https:\/\/rapol.co.rs\/en\/wp-json\/wp\/v2\/types\/product"}],"wp:featuredmedia":[{"embeddable":true,"href":"https:\/\/rapol.co.rs\/en\/wp-json\/wp\/v2\/media\/799"}],"wp:attachment":[{"href":"https:\/\/rapol.co.rs\/en\/wp-json\/wp\/v2\/media?parent=801"}],"wp:term":[{"taxonomy":"product_cat","embeddable":true,"href":"https:\/\/rapol.co.rs\/en\/wp-json\/wp\/v2\/product_cat?post=801"},{"taxonomy":"product_tag","embeddable":true,"href":"https:\/\/rapol.co.rs\/en\/wp-json\/wp\/v2\/product_tag?post=801"}],"curies":[{"name":"wp","href":"https:\/\/api.w.org\/{rel}","templated":true}]}}