{"id":700,"date":"2022-05-26T09:45:30","date_gmt":"2022-05-26T09:45:30","guid":{"rendered":"http:\/\/rapol.co.rs\/?post_type=product&#038;p=700"},"modified":"2022-05-26T09:45:31","modified_gmt":"2022-05-26T09:45:31","slug":"tocak-kocn-crveni-polia-inox-o100-110-kg","status":"publish","type":"product","link":"https:\/\/rapol.co.rs\/en\/proizvod\/tocak-kocn-crveni-polia-inox-o100-110-kg\/","title":{"rendered":"To\u010dak ko\u010dn Crveni Polia.INOX \u00d8100 110 kg"},"content":{"rendered":"","protected":false},"excerpt":{"rendered":"","protected":false},"featured_media":696,"template":"","meta":[],"product_cat":[41],"product_tag":[],"class_list":["post-700","product","type-product","status-publish","has-post-thumbnail","hentry","product_cat-tockovi-za-kontejnere-emes"],"_links":{"self":[{"href":"https:\/\/rapol.co.rs\/en\/wp-json\/wp\/v2\/product\/700","targetHints":{"allow":["GET"]}}],"collection":[{"href":"https:\/\/rapol.co.rs\/en\/wp-json\/wp\/v2\/product"}],"about":[{"href":"https:\/\/rapol.co.rs\/en\/wp-json\/wp\/v2\/types\/product"}],"wp:featuredmedia":[{"embeddable":true,"href":"https:\/\/rapol.co.rs\/en\/wp-json\/wp\/v2\/media\/696"}],"wp:attachment":[{"href":"https:\/\/rapol.co.rs\/en\/wp-json\/wp\/v2\/media?parent=700"}],"wp:term":[{"taxonomy":"product_cat","embeddable":true,"href":"https:\/\/rapol.co.rs\/en\/wp-json\/wp\/v2\/product_cat?post=700"},{"taxonomy":"product_tag","embeddable":true,"href":"https:\/\/rapol.co.rs\/en\/wp-json\/wp\/v2\/product_tag?post=700"}],"curies":[{"name":"wp","href":"https:\/\/api.w.org\/{rel}","templated":true}]}}