{"id":691,"date":"2022-05-26T09:36:19","date_gmt":"2022-05-26T09:36:19","guid":{"rendered":"http:\/\/rapol.co.rs\/?post_type=product&#038;p=691"},"modified":"2022-05-26T09:36:19","modified_gmt":"2022-05-26T09:36:19","slug":"tocak-kocn-crveni-poliamid-o125-160-kg","status":"publish","type":"product","link":"https:\/\/rapol.co.rs\/en\/proizvod\/tocak-kocn-crveni-poliamid-o125-160-kg\/","title":{"rendered":"To\u010dak ko\u010dn Crveni Poliamid \u00d8125 160 kg"},"content":{"rendered":"","protected":false},"excerpt":{"rendered":"","protected":false},"featured_media":687,"template":"","meta":[],"product_cat":[41],"product_tag":[],"class_list":["post-691","product","type-product","status-publish","has-post-thumbnail","hentry","product_cat-tockovi-za-kontejnere-emes"],"_links":{"self":[{"href":"https:\/\/rapol.co.rs\/en\/wp-json\/wp\/v2\/product\/691","targetHints":{"allow":["GET"]}}],"collection":[{"href":"https:\/\/rapol.co.rs\/en\/wp-json\/wp\/v2\/product"}],"about":[{"href":"https:\/\/rapol.co.rs\/en\/wp-json\/wp\/v2\/types\/product"}],"wp:featuredmedia":[{"embeddable":true,"href":"https:\/\/rapol.co.rs\/en\/wp-json\/wp\/v2\/media\/687"}],"wp:attachment":[{"href":"https:\/\/rapol.co.rs\/en\/wp-json\/wp\/v2\/media?parent=691"}],"wp:term":[{"taxonomy":"product_cat","embeddable":true,"href":"https:\/\/rapol.co.rs\/en\/wp-json\/wp\/v2\/product_cat?post=691"},{"taxonomy":"product_tag","embeddable":true,"href":"https:\/\/rapol.co.rs\/en\/wp-json\/wp\/v2\/product_tag?post=691"}],"curies":[{"name":"wp","href":"https:\/\/api.w.org\/{rel}","templated":true}]}}