{"id":540,"date":"2022-05-25T12:41:29","date_gmt":"2022-05-25T12:41:29","guid":{"rendered":"http:\/\/rapol.co.rs\/?post_type=product&#038;p=540"},"modified":"2025-12-18T16:46:19","modified_gmt":"2025-12-18T16:46:19","slug":"stoper-limeni-o95x80-98-za-beton","status":"publish","type":"product","link":"https:\/\/rapol.co.rs\/en\/proizvod\/stoper-limeni-o95x80-98-za-beton\/","title":{"rendered":"\u0160toper limeni \u00d895\u00d780\/98 za beton"},"content":{"rendered":"","protected":false},"excerpt":{"rendered":"","protected":false},"featured_media":541,"template":"","meta":[],"product_cat":[28],"product_tag":[],"class_list":["post-540","product","type-product","status-publish","has-post-thumbnail","hentry","product_cat-novo-u-ponudi"],"_links":{"self":[{"href":"https:\/\/rapol.co.rs\/en\/wp-json\/wp\/v2\/product\/540","targetHints":{"allow":["GET"]}}],"collection":[{"href":"https:\/\/rapol.co.rs\/en\/wp-json\/wp\/v2\/product"}],"about":[{"href":"https:\/\/rapol.co.rs\/en\/wp-json\/wp\/v2\/types\/product"}],"wp:featuredmedia":[{"embeddable":true,"href":"https:\/\/rapol.co.rs\/en\/wp-json\/wp\/v2\/media\/541"}],"wp:attachment":[{"href":"https:\/\/rapol.co.rs\/en\/wp-json\/wp\/v2\/media?parent=540"}],"wp:term":[{"taxonomy":"product_cat","embeddable":true,"href":"https:\/\/rapol.co.rs\/en\/wp-json\/wp\/v2\/product_cat?post=540"},{"taxonomy":"product_tag","embeddable":true,"href":"https:\/\/rapol.co.rs\/en\/wp-json\/wp\/v2\/product_tag?post=540"}],"curies":[{"name":"wp","href":"https:\/\/api.w.org\/{rel}","templated":true}]}}