{"id":426,"date":"2022-05-25T11:04:45","date_gmt":"2022-05-25T11:04:45","guid":{"rendered":"http:\/\/rapol.co.rs\/?post_type=product&#038;p=426"},"modified":"2025-12-18T16:58:56","modified_gmt":"2025-12-18T16:58:56","slug":"nosac-sine-l-42x54","status":"publish","type":"product","link":"https:\/\/rapol.co.rs\/en\/proizvod\/nosac-sine-l-42x54\/","title":{"rendered":"Nosa\u010d \u0161ine L 42\u00d754"},"content":{"rendered":"","protected":false},"excerpt":{"rendered":"<p>Za \u0161inu 58\u00d743<\/p>\n","protected":false},"featured_media":425,"template":"","meta":[],"product_cat":[24],"product_tag":[],"class_list":["post-426","product","type-product","status-publish","has-post-thumbnail","hentry","product_cat-nosaci-kliznih-vrata"],"_links":{"self":[{"href":"https:\/\/rapol.co.rs\/en\/wp-json\/wp\/v2\/product\/426","targetHints":{"allow":["GET"]}}],"collection":[{"href":"https:\/\/rapol.co.rs\/en\/wp-json\/wp\/v2\/product"}],"about":[{"href":"https:\/\/rapol.co.rs\/en\/wp-json\/wp\/v2\/types\/product"}],"wp:featuredmedia":[{"embeddable":true,"href":"https:\/\/rapol.co.rs\/en\/wp-json\/wp\/v2\/media\/425"}],"wp:attachment":[{"href":"https:\/\/rapol.co.rs\/en\/wp-json\/wp\/v2\/media?parent=426"}],"wp:term":[{"taxonomy":"product_cat","embeddable":true,"href":"https:\/\/rapol.co.rs\/en\/wp-json\/wp\/v2\/product_cat?post=426"},{"taxonomy":"product_tag","embeddable":true,"href":"https:\/\/rapol.co.rs\/en\/wp-json\/wp\/v2\/product_tag?post=426"}],"curies":[{"name":"wp","href":"https:\/\/api.w.org\/{rel}","templated":true}]}}