{"id":421,"date":"2022-05-25T11:01:04","date_gmt":"2022-05-25T11:01:04","guid":{"rendered":"http:\/\/rapol.co.rs\/?post_type=product&#038;p=421"},"modified":"2023-02-21T10:03:29","modified_gmt":"2023-02-21T10:03:29","slug":"nosac-sine-t-30x30","status":"publish","type":"product","link":"https:\/\/rapol.co.rs\/en\/proizvod\/nosac-sine-t-30x30\/","title":{"rendered":"Nosa\u010d \u0161ine T 30\u00d730"},"content":{"rendered":"","protected":false},"excerpt":{"rendered":"<p>Za \u0161inu 30\u00d730<\/p>\n","protected":false},"featured_media":422,"template":"","meta":[],"product_cat":[24],"product_tag":[],"class_list":["post-421","product","type-product","status-publish","has-post-thumbnail","hentry","product_cat-nosaci-kliznih-vrata"],"_links":{"self":[{"href":"https:\/\/rapol.co.rs\/en\/wp-json\/wp\/v2\/product\/421","targetHints":{"allow":["GET"]}}],"collection":[{"href":"https:\/\/rapol.co.rs\/en\/wp-json\/wp\/v2\/product"}],"about":[{"href":"https:\/\/rapol.co.rs\/en\/wp-json\/wp\/v2\/types\/product"}],"wp:featuredmedia":[{"embeddable":true,"href":"https:\/\/rapol.co.rs\/en\/wp-json\/wp\/v2\/media\/422"}],"wp:attachment":[{"href":"https:\/\/rapol.co.rs\/en\/wp-json\/wp\/v2\/media?parent=421"}],"wp:term":[{"taxonomy":"product_cat","embeddable":true,"href":"https:\/\/rapol.co.rs\/en\/wp-json\/wp\/v2\/product_cat?post=421"},{"taxonomy":"product_tag","embeddable":true,"href":"https:\/\/rapol.co.rs\/en\/wp-json\/wp\/v2\/product_tag?post=421"}],"curies":[{"name":"wp","href":"https:\/\/api.w.org\/{rel}","templated":true}]}}