{"id":377,"date":"2022-05-25T09:46:36","date_gmt":"2022-05-25T09:46:36","guid":{"rendered":"http:\/\/rapol.co.rs\/?post_type=product&#038;p=377"},"modified":"2025-12-22T18:05:29","modified_gmt":"2025-12-22T18:05:29","slug":"sarka-limena-za-varenje-2dela-o25x112x4-2","status":"publish","type":"product","link":"https:\/\/rapol.co.rs\/en\/proizvod\/sarka-limena-za-varenje-2dela-o25x112x4-2\/","title":{"rendered":"\u0160arka limena za varenje 2dela \u00d825x112x4"},"content":{"rendered":"","protected":false},"excerpt":{"rendered":"<p>Model 2082, Te\u017eina 520 grama<\/p>\n<p><img loading=\"lazy\" decoding=\"async\" class=\"alignnone size-medium wp-image-379\" src=\"https:\/\/rapol.co.rs\/wp-content\/uploads\/2022\/05\/112-300x221.jpg\" alt=\"\" width=\"300\" height=\"221\" srcset=\"https:\/\/rapol.co.rs\/wp-content\/uploads\/2022\/05\/112-300x221.jpg 300w, https:\/\/rapol.co.rs\/wp-content\/uploads\/2022\/05\/112-416x306.jpg 416w, https:\/\/rapol.co.rs\/wp-content\/uploads\/2022\/05\/112.jpg 604w\" sizes=\"auto, (max-width: 300px) 100vw, 300px\" \/><\/p>\n","protected":false},"featured_media":378,"template":"","meta":[],"product_cat":[23],"product_tag":[],"class_list":["post-377","product","type-product","status-publish","has-post-thumbnail","hentry","product_cat-sarke-limene-za-varenje"],"_links":{"self":[{"href":"https:\/\/rapol.co.rs\/en\/wp-json\/wp\/v2\/product\/377","targetHints":{"allow":["GET"]}}],"collection":[{"href":"https:\/\/rapol.co.rs\/en\/wp-json\/wp\/v2\/product"}],"about":[{"href":"https:\/\/rapol.co.rs\/en\/wp-json\/wp\/v2\/types\/product"}],"wp:featuredmedia":[{"embeddable":true,"href":"https:\/\/rapol.co.rs\/en\/wp-json\/wp\/v2\/media\/378"}],"wp:attachment":[{"href":"https:\/\/rapol.co.rs\/en\/wp-json\/wp\/v2\/media?parent=377"}],"wp:term":[{"taxonomy":"product_cat","embeddable":true,"href":"https:\/\/rapol.co.rs\/en\/wp-json\/wp\/v2\/product_cat?post=377"},{"taxonomy":"product_tag","embeddable":true,"href":"https:\/\/rapol.co.rs\/en\/wp-json\/wp\/v2\/product_tag?post=377"}],"curies":[{"name":"wp","href":"https:\/\/api.w.org\/{rel}","templated":true}]}}