{"id":365,"date":"2022-05-24T13:34:12","date_gmt":"2022-05-24T13:34:12","guid":{"rendered":"http:\/\/rapol.co.rs\/?post_type=product&#038;p=365"},"modified":"2025-12-22T18:46:18","modified_gmt":"2025-12-22T18:46:18","slug":"sarka-limena-za-varenje-2dela-o14x66x25","status":"publish","type":"product","link":"https:\/\/rapol.co.rs\/en\/proizvod\/sarka-limena-za-varenje-2dela-o14x66x25\/","title":{"rendered":"\u0160arka limena za varenje 2dela \u00d814x66x2,5"},"content":{"rendered":"","protected":false},"excerpt":{"rendered":"<p>Model 2075, Te\u017eina 100 grama<\/p>\n<p><img loading=\"lazy\" decoding=\"async\" class=\"alignnone size-medium wp-image-346\" src=\"https:\/\/rapol.co.rs\/wp-content\/uploads\/2022\/05\/3-1-tabela-300x229.jpg\" alt=\"\" width=\"300\" height=\"229\" srcset=\"https:\/\/rapol.co.rs\/wp-content\/uploads\/2022\/05\/3-1-tabela-300x229.jpg 300w, https:\/\/rapol.co.rs\/wp-content\/uploads\/2022\/05\/3-1-tabela-416x317.jpg 416w, https:\/\/rapol.co.rs\/wp-content\/uploads\/2022\/05\/3-1-tabela.jpg 602w\" sizes=\"auto, (max-width: 300px) 100vw, 300px\" \/><\/p>\n","protected":false},"featured_media":364,"template":"","meta":[],"product_cat":[23],"product_tag":[],"class_list":["post-365","product","type-product","status-publish","has-post-thumbnail","hentry","product_cat-sarke-limene-za-varenje"],"_links":{"self":[{"href":"https:\/\/rapol.co.rs\/en\/wp-json\/wp\/v2\/product\/365","targetHints":{"allow":["GET"]}}],"collection":[{"href":"https:\/\/rapol.co.rs\/en\/wp-json\/wp\/v2\/product"}],"about":[{"href":"https:\/\/rapol.co.rs\/en\/wp-json\/wp\/v2\/types\/product"}],"wp:featuredmedia":[{"embeddable":true,"href":"https:\/\/rapol.co.rs\/en\/wp-json\/wp\/v2\/media\/364"}],"wp:attachment":[{"href":"https:\/\/rapol.co.rs\/en\/wp-json\/wp\/v2\/media?parent=365"}],"wp:term":[{"taxonomy":"product_cat","embeddable":true,"href":"https:\/\/rapol.co.rs\/en\/wp-json\/wp\/v2\/product_cat?post=365"},{"taxonomy":"product_tag","embeddable":true,"href":"https:\/\/rapol.co.rs\/en\/wp-json\/wp\/v2\/product_tag?post=365"}],"curies":[{"name":"wp","href":"https:\/\/api.w.org\/{rel}","templated":true}]}}