{"id":358,"date":"2022-05-24T13:27:35","date_gmt":"2022-05-24T13:27:35","guid":{"rendered":"http:\/\/rapol.co.rs\/?post_type=product&#038;p=358"},"modified":"2025-12-22T18:49:21","modified_gmt":"2025-12-22T18:49:21","slug":"sarka-limena-za-varenje-4dela-o25x164x4","status":"publish","type":"product","link":"https:\/\/rapol.co.rs\/en\/proizvod\/sarka-limena-za-varenje-4dela-o25x164x4\/","title":{"rendered":"\u0160arka limena za varenje 4dela \u00d825x164x4"},"content":{"rendered":"","protected":false},"excerpt":{"rendered":"<p>Model 2080, Te\u017eina 680 grama<\/p>\n<p><img loading=\"lazy\" decoding=\"async\" class=\"alignnone size-medium wp-image-355\" src=\"https:\/\/rapol.co.rs\/wp-content\/uploads\/2022\/05\/164-300x224.jpg\" alt=\"\" width=\"300\" height=\"224\" srcset=\"https:\/\/rapol.co.rs\/wp-content\/uploads\/2022\/05\/164-300x224.jpg 300w, https:\/\/rapol.co.rs\/wp-content\/uploads\/2022\/05\/164-416x310.jpg 416w, https:\/\/rapol.co.rs\/wp-content\/uploads\/2022\/05\/164.jpg 603w\" sizes=\"auto, (max-width: 300px) 100vw, 300px\" \/><\/p>\n","protected":false},"featured_media":359,"template":"","meta":[],"product_cat":[23],"product_tag":[],"class_list":["post-358","product","type-product","status-publish","has-post-thumbnail","hentry","product_cat-sarke-limene-za-varenje"],"_links":{"self":[{"href":"https:\/\/rapol.co.rs\/en\/wp-json\/wp\/v2\/product\/358","targetHints":{"allow":["GET"]}}],"collection":[{"href":"https:\/\/rapol.co.rs\/en\/wp-json\/wp\/v2\/product"}],"about":[{"href":"https:\/\/rapol.co.rs\/en\/wp-json\/wp\/v2\/types\/product"}],"wp:featuredmedia":[{"embeddable":true,"href":"https:\/\/rapol.co.rs\/en\/wp-json\/wp\/v2\/media\/359"}],"wp:attachment":[{"href":"https:\/\/rapol.co.rs\/en\/wp-json\/wp\/v2\/media?parent=358"}],"wp:term":[{"taxonomy":"product_cat","embeddable":true,"href":"https:\/\/rapol.co.rs\/en\/wp-json\/wp\/v2\/product_cat?post=358"},{"taxonomy":"product_tag","embeddable":true,"href":"https:\/\/rapol.co.rs\/en\/wp-json\/wp\/v2\/product_tag?post=358"}],"curies":[{"name":"wp","href":"https:\/\/api.w.org\/{rel}","templated":true}]}}