{"id":357,"date":"2022-05-24T13:26:17","date_gmt":"2022-05-24T13:26:17","guid":{"rendered":"http:\/\/rapol.co.rs\/?post_type=product&#038;p=357"},"modified":"2025-12-22T18:49:34","modified_gmt":"2025-12-22T18:49:34","slug":"sarka-limena-za-varenje-3dela-o30x164x4","status":"publish","type":"product","link":"https:\/\/rapol.co.rs\/en\/proizvod\/sarka-limena-za-varenje-3dela-o30x164x4\/","title":{"rendered":"\u0160arka limena za varenje 3dela \u00d830x164x4"},"content":{"rendered":"","protected":false},"excerpt":{"rendered":"<p>Model 2079, Te\u017eina 900 grama<\/p>\n<p><img loading=\"lazy\" decoding=\"async\" class=\"alignnone size-medium wp-image-355\" src=\"https:\/\/rapol.co.rs\/wp-content\/uploads\/2022\/05\/164-300x224.jpg\" alt=\"\" width=\"300\" height=\"224\" srcset=\"https:\/\/rapol.co.rs\/wp-content\/uploads\/2022\/05\/164-300x224.jpg 300w, https:\/\/rapol.co.rs\/wp-content\/uploads\/2022\/05\/164-416x310.jpg 416w, https:\/\/rapol.co.rs\/wp-content\/uploads\/2022\/05\/164.jpg 603w\" sizes=\"auto, (max-width: 300px) 100vw, 300px\" \/><\/p>\n","protected":false},"featured_media":356,"template":"","meta":[],"product_cat":[23],"product_tag":[],"class_list":["post-357","product","type-product","status-publish","has-post-thumbnail","hentry","product_cat-sarke-limene-za-varenje"],"_links":{"self":[{"href":"https:\/\/rapol.co.rs\/en\/wp-json\/wp\/v2\/product\/357","targetHints":{"allow":["GET"]}}],"collection":[{"href":"https:\/\/rapol.co.rs\/en\/wp-json\/wp\/v2\/product"}],"about":[{"href":"https:\/\/rapol.co.rs\/en\/wp-json\/wp\/v2\/types\/product"}],"wp:featuredmedia":[{"embeddable":true,"href":"https:\/\/rapol.co.rs\/en\/wp-json\/wp\/v2\/media\/356"}],"wp:attachment":[{"href":"https:\/\/rapol.co.rs\/en\/wp-json\/wp\/v2\/media?parent=357"}],"wp:term":[{"taxonomy":"product_cat","embeddable":true,"href":"https:\/\/rapol.co.rs\/en\/wp-json\/wp\/v2\/product_cat?post=357"},{"taxonomy":"product_tag","embeddable":true,"href":"https:\/\/rapol.co.rs\/en\/wp-json\/wp\/v2\/product_tag?post=357"}],"curies":[{"name":"wp","href":"https:\/\/api.w.org\/{rel}","templated":true}]}}