{"id":343,"date":"2022-05-24T12:50:54","date_gmt":"2022-05-24T12:50:54","guid":{"rendered":"http:\/\/rapol.co.rs\/?post_type=product&#038;p=343"},"modified":"2025-12-16T17:40:36","modified_gmt":"2025-12-16T17:40:36","slug":"bravarska-sarka-sa-kuglicom-o30x190","status":"publish","type":"product","link":"https:\/\/rapol.co.rs\/en\/proizvod\/bravarska-sarka-sa-kuglicom-o30x190\/","title":{"rendered":"Bravarska \u0161arka sa kuglicom \u00d830\u00d7190"},"content":{"rendered":"","protected":false},"excerpt":{"rendered":"<p>Model 2087, Te\u017eina 870 grama<\/p>\n<p><img loading=\"lazy\" decoding=\"async\" class=\"alignnone size-medium wp-image-338\" src=\"https:\/\/rapol.co.rs\/wp-content\/uploads\/2022\/05\/2087-300x225.jpg\" alt=\"\" width=\"300\" height=\"225\" srcset=\"https:\/\/rapol.co.rs\/wp-content\/uploads\/2022\/05\/2087-300x225.jpg 300w, https:\/\/rapol.co.rs\/wp-content\/uploads\/2022\/05\/2087-416x311.jpg 416w, https:\/\/rapol.co.rs\/wp-content\/uploads\/2022\/05\/2087.jpg 600w\" sizes=\"auto, (max-width: 300px) 100vw, 300px\" \/><\/p>\n","protected":false},"featured_media":3363,"template":"","meta":[],"product_cat":[22],"product_tag":[],"class_list":["post-343","product","type-product","status-publish","has-post-thumbnail","hentry","product_cat-sarke-za-varenje"],"_links":{"self":[{"href":"https:\/\/rapol.co.rs\/en\/wp-json\/wp\/v2\/product\/343","targetHints":{"allow":["GET"]}}],"collection":[{"href":"https:\/\/rapol.co.rs\/en\/wp-json\/wp\/v2\/product"}],"about":[{"href":"https:\/\/rapol.co.rs\/en\/wp-json\/wp\/v2\/types\/product"}],"wp:featuredmedia":[{"embeddable":true,"href":"https:\/\/rapol.co.rs\/en\/wp-json\/wp\/v2\/media\/3363"}],"wp:attachment":[{"href":"https:\/\/rapol.co.rs\/en\/wp-json\/wp\/v2\/media?parent=343"}],"wp:term":[{"taxonomy":"product_cat","embeddable":true,"href":"https:\/\/rapol.co.rs\/en\/wp-json\/wp\/v2\/product_cat?post=343"},{"taxonomy":"product_tag","embeddable":true,"href":"https:\/\/rapol.co.rs\/en\/wp-json\/wp\/v2\/product_tag?post=343"}],"curies":[{"name":"wp","href":"https:\/\/api.w.org\/{rel}","templated":true}]}}