{"id":332,"date":"2022-05-24T12:39:38","date_gmt":"2022-05-24T12:39:38","guid":{"rendered":"http:\/\/rapol.co.rs\/?post_type=product&#038;p=332"},"modified":"2022-10-28T07:57:03","modified_gmt":"2022-10-28T07:57:03","slug":"bravarska-sarka-sa-kuglicom-o18x120","status":"publish","type":"product","link":"https:\/\/rapol.co.rs\/en\/proizvod\/bravarska-sarka-sa-kuglicom-o18x120\/","title":{"rendered":"Bravarska \u0161arka sa kuglicom \u00d818\u00d7120"},"content":{"rendered":"","protected":false},"excerpt":{"rendered":"<p>Model 2086, Te\u017eina 220 grama<\/p>\n<p><img loading=\"lazy\" decoding=\"async\" class=\"alignnone size-medium wp-image-330\" src=\"https:\/\/rapol.co.rs\/wp-content\/uploads\/2022\/05\/2086-tabela-300x224.jpg\" alt=\"\" width=\"300\" height=\"224\" srcset=\"https:\/\/rapol.co.rs\/wp-content\/uploads\/2022\/05\/2086-tabela-300x224.jpg 300w, https:\/\/rapol.co.rs\/wp-content\/uploads\/2022\/05\/2086-tabela-416x311.jpg 416w, https:\/\/rapol.co.rs\/wp-content\/uploads\/2022\/05\/2086-tabela.jpg 601w\" sizes=\"auto, (max-width: 300px) 100vw, 300px\" \/><\/p>\n","protected":false},"featured_media":331,"template":"","meta":[],"product_cat":[22],"product_tag":[],"class_list":["post-332","product","type-product","status-publish","has-post-thumbnail","hentry","product_cat-sarke-za-varenje"],"_links":{"self":[{"href":"https:\/\/rapol.co.rs\/en\/wp-json\/wp\/v2\/product\/332","targetHints":{"allow":["GET"]}}],"collection":[{"href":"https:\/\/rapol.co.rs\/en\/wp-json\/wp\/v2\/product"}],"about":[{"href":"https:\/\/rapol.co.rs\/en\/wp-json\/wp\/v2\/types\/product"}],"wp:featuredmedia":[{"embeddable":true,"href":"https:\/\/rapol.co.rs\/en\/wp-json\/wp\/v2\/media\/331"}],"wp:attachment":[{"href":"https:\/\/rapol.co.rs\/en\/wp-json\/wp\/v2\/media?parent=332"}],"wp:term":[{"taxonomy":"product_cat","embeddable":true,"href":"https:\/\/rapol.co.rs\/en\/wp-json\/wp\/v2\/product_cat?post=332"},{"taxonomy":"product_tag","embeddable":true,"href":"https:\/\/rapol.co.rs\/en\/wp-json\/wp\/v2\/product_tag?post=332"}],"curies":[{"name":"wp","href":"https:\/\/api.w.org\/{rel}","templated":true}]}}