{"id":316,"date":"2022-05-24T12:25:00","date_gmt":"2022-05-24T12:25:00","guid":{"rendered":"http:\/\/rapol.co.rs\/?post_type=product&#038;p=316"},"modified":"2025-12-16T17:29:19","modified_gmt":"2025-12-16T17:29:19","slug":"bravarska-sarka-sa-kuglicom-o25x130","status":"publish","type":"product","link":"https:\/\/rapol.co.rs\/en\/proizvod\/bravarska-sarka-sa-kuglicom-o25x130\/","title":{"rendered":"Bravarska \u0161arka sa kuglicom \u00d825\u00d7130"},"content":{"rendered":"","protected":false},"excerpt":{"rendered":"<p>Model 2067, Te\u017eina 435 grama<\/p>\n<p><img loading=\"lazy\" decoding=\"async\" class=\"alignnone size-medium wp-image-313\" src=\"https:\/\/rapol.co.rs\/wp-content\/uploads\/2022\/05\/2067-300x226.jpg\" alt=\"\" width=\"300\" height=\"226\" srcset=\"https:\/\/rapol.co.rs\/wp-content\/uploads\/2022\/05\/2067-300x226.jpg 300w, https:\/\/rapol.co.rs\/wp-content\/uploads\/2022\/05\/2067-416x313.jpg 416w, https:\/\/rapol.co.rs\/wp-content\/uploads\/2022\/05\/2067.jpg 600w\" sizes=\"auto, (max-width: 300px) 100vw, 300px\" \/><\/p>\n","protected":false},"featured_media":314,"template":"","meta":[],"product_cat":[22],"product_tag":[],"class_list":["post-316","product","type-product","status-publish","has-post-thumbnail","hentry","product_cat-sarke-za-varenje"],"_links":{"self":[{"href":"https:\/\/rapol.co.rs\/en\/wp-json\/wp\/v2\/product\/316","targetHints":{"allow":["GET"]}}],"collection":[{"href":"https:\/\/rapol.co.rs\/en\/wp-json\/wp\/v2\/product"}],"about":[{"href":"https:\/\/rapol.co.rs\/en\/wp-json\/wp\/v2\/types\/product"}],"wp:featuredmedia":[{"embeddable":true,"href":"https:\/\/rapol.co.rs\/en\/wp-json\/wp\/v2\/media\/314"}],"wp:attachment":[{"href":"https:\/\/rapol.co.rs\/en\/wp-json\/wp\/v2\/media?parent=316"}],"wp:term":[{"taxonomy":"product_cat","embeddable":true,"href":"https:\/\/rapol.co.rs\/en\/wp-json\/wp\/v2\/product_cat?post=316"},{"taxonomy":"product_tag","embeddable":true,"href":"https:\/\/rapol.co.rs\/en\/wp-json\/wp\/v2\/product_tag?post=316"}],"curies":[{"name":"wp","href":"https:\/\/api.w.org\/{rel}","templated":true}]}}