{"id":303,"date":"2022-05-24T12:11:20","date_gmt":"2022-05-24T12:11:20","guid":{"rendered":"http:\/\/rapol.co.rs\/?post_type=product&#038;p=303"},"modified":"2025-12-16T17:25:23","modified_gmt":"2025-12-16T17:25:23","slug":"masinska-sarka-sa-kuglicom-o-16x80","status":"publish","type":"product","link":"https:\/\/rapol.co.rs\/en\/proizvod\/masinska-sarka-sa-kuglicom-o-16x80\/","title":{"rendered":"Ma\u0161inska \u0161arka sa kuglicom \u00d8 16\u00d780"},"content":{"rendered":"","protected":false},"excerpt":{"rendered":"<p>Model 2031, Te\u017eina 120 grama\u00a0<strong>NOSIVOST JE 15% Ve\u0107a nego u Tabeli<\/strong><\/p>\n<p><img loading=\"lazy\" decoding=\"async\" class=\"alignnone size-medium wp-image-278\" src=\"https:\/\/rapol.co.rs\/wp-content\/uploads\/2022\/05\/Varenje-300x230.jpg\" alt=\"\" width=\"300\" height=\"230\" srcset=\"https:\/\/rapol.co.rs\/wp-content\/uploads\/2022\/05\/Varenje-300x230.jpg 300w, https:\/\/rapol.co.rs\/wp-content\/uploads\/2022\/05\/Varenje-416x319.jpg 416w, https:\/\/rapol.co.rs\/wp-content\/uploads\/2022\/05\/Varenje.jpg 622w\" sizes=\"auto, (max-width: 300px) 100vw, 300px\" \/><\/p>\n","protected":false},"featured_media":291,"template":"","meta":[],"product_cat":[22],"product_tag":[],"class_list":["post-303","product","type-product","status-publish","has-post-thumbnail","hentry","product_cat-sarke-za-varenje"],"_links":{"self":[{"href":"https:\/\/rapol.co.rs\/en\/wp-json\/wp\/v2\/product\/303","targetHints":{"allow":["GET"]}}],"collection":[{"href":"https:\/\/rapol.co.rs\/en\/wp-json\/wp\/v2\/product"}],"about":[{"href":"https:\/\/rapol.co.rs\/en\/wp-json\/wp\/v2\/types\/product"}],"wp:featuredmedia":[{"embeddable":true,"href":"https:\/\/rapol.co.rs\/en\/wp-json\/wp\/v2\/media\/291"}],"wp:attachment":[{"href":"https:\/\/rapol.co.rs\/en\/wp-json\/wp\/v2\/media?parent=303"}],"wp:term":[{"taxonomy":"product_cat","embeddable":true,"href":"https:\/\/rapol.co.rs\/en\/wp-json\/wp\/v2\/product_cat?post=303"},{"taxonomy":"product_tag","embeddable":true,"href":"https:\/\/rapol.co.rs\/en\/wp-json\/wp\/v2\/product_tag?post=303"}],"curies":[{"name":"wp","href":"https:\/\/api.w.org\/{rel}","templated":true}]}}