{"id":301,"date":"2022-05-24T12:09:18","date_gmt":"2022-05-24T12:09:18","guid":{"rendered":"http:\/\/rapol.co.rs\/?post_type=product&#038;p=301"},"modified":"2025-12-16T17:23:18","modified_gmt":"2025-12-16T17:23:18","slug":"masinska-sarka-o-25x120","status":"publish","type":"product","link":"https:\/\/rapol.co.rs\/en\/proizvod\/masinska-sarka-o-25x120\/","title":{"rendered":"Ma\u0161inska \u0161arka \u00d8 25\u00d7120"},"content":{"rendered":"","protected":false},"excerpt":{"rendered":"<p>Model 2030, Te\u017eina 440 grama<\/p>\n<p><img loading=\"lazy\" decoding=\"async\" class=\"alignnone size-medium wp-image-278\" src=\"https:\/\/rapol.co.rs\/wp-content\/uploads\/2022\/05\/Varenje-300x230.jpg\" alt=\"\" width=\"300\" height=\"230\" srcset=\"https:\/\/rapol.co.rs\/wp-content\/uploads\/2022\/05\/Varenje-300x230.jpg 300w, https:\/\/rapol.co.rs\/wp-content\/uploads\/2022\/05\/Varenje-416x319.jpg 416w, https:\/\/rapol.co.rs\/wp-content\/uploads\/2022\/05\/Varenje.jpg 622w\" sizes=\"auto, (max-width: 300px) 100vw, 300px\" \/><\/p>\n","protected":false},"featured_media":291,"template":"","meta":[],"product_cat":[22],"product_tag":[],"class_list":["post-301","product","type-product","status-publish","has-post-thumbnail","hentry","product_cat-sarke-za-varenje"],"_links":{"self":[{"href":"https:\/\/rapol.co.rs\/en\/wp-json\/wp\/v2\/product\/301","targetHints":{"allow":["GET"]}}],"collection":[{"href":"https:\/\/rapol.co.rs\/en\/wp-json\/wp\/v2\/product"}],"about":[{"href":"https:\/\/rapol.co.rs\/en\/wp-json\/wp\/v2\/types\/product"}],"wp:featuredmedia":[{"embeddable":true,"href":"https:\/\/rapol.co.rs\/en\/wp-json\/wp\/v2\/media\/291"}],"wp:attachment":[{"href":"https:\/\/rapol.co.rs\/en\/wp-json\/wp\/v2\/media?parent=301"}],"wp:term":[{"taxonomy":"product_cat","embeddable":true,"href":"https:\/\/rapol.co.rs\/en\/wp-json\/wp\/v2\/product_cat?post=301"},{"taxonomy":"product_tag","embeddable":true,"href":"https:\/\/rapol.co.rs\/en\/wp-json\/wp\/v2\/product_tag?post=301"}],"curies":[{"name":"wp","href":"https:\/\/api.w.org\/{rel}","templated":true}]}}