{"id":284,"date":"2022-05-24T11:47:11","date_gmt":"2022-05-24T11:47:11","guid":{"rendered":"http:\/\/rapol.co.rs\/?post_type=product&#038;p=284"},"modified":"2025-12-16T17:15:40","modified_gmt":"2025-12-16T17:15:40","slug":"bravarska-sarka-suza-o-18x140","status":"publish","type":"product","link":"https:\/\/rapol.co.rs\/en\/proizvod\/bravarska-sarka-suza-o-18x140\/","title":{"rendered":"Bravarska \u0161arka suza \u00d8 18\u00d7140"},"content":{"rendered":"","protected":false},"excerpt":{"rendered":"<p>Model 2074, Te\u017eina 320 grama<\/p>\n<p><img loading=\"lazy\" decoding=\"async\" class=\"alignnone size-medium wp-image-278\" src=\"https:\/\/rapol.co.rs\/wp-content\/uploads\/2022\/05\/Varenje-300x230.jpg\" alt=\"\" width=\"300\" height=\"230\" srcset=\"https:\/\/rapol.co.rs\/wp-content\/uploads\/2022\/05\/Varenje-300x230.jpg 300w, https:\/\/rapol.co.rs\/wp-content\/uploads\/2022\/05\/Varenje-416x319.jpg 416w, https:\/\/rapol.co.rs\/wp-content\/uploads\/2022\/05\/Varenje.jpg 622w\" sizes=\"auto, (max-width: 300px) 100vw, 300px\" \/><\/p>\n","protected":false},"featured_media":285,"template":"","meta":[],"product_cat":[22],"product_tag":[],"class_list":["post-284","product","type-product","status-publish","has-post-thumbnail","hentry","product_cat-sarke-za-varenje"],"_links":{"self":[{"href":"https:\/\/rapol.co.rs\/en\/wp-json\/wp\/v2\/product\/284","targetHints":{"allow":["GET"]}}],"collection":[{"href":"https:\/\/rapol.co.rs\/en\/wp-json\/wp\/v2\/product"}],"about":[{"href":"https:\/\/rapol.co.rs\/en\/wp-json\/wp\/v2\/types\/product"}],"wp:featuredmedia":[{"embeddable":true,"href":"https:\/\/rapol.co.rs\/en\/wp-json\/wp\/v2\/media\/285"}],"wp:attachment":[{"href":"https:\/\/rapol.co.rs\/en\/wp-json\/wp\/v2\/media?parent=284"}],"wp:term":[{"taxonomy":"product_cat","embeddable":true,"href":"https:\/\/rapol.co.rs\/en\/wp-json\/wp\/v2\/product_cat?post=284"},{"taxonomy":"product_tag","embeddable":true,"href":"https:\/\/rapol.co.rs\/en\/wp-json\/wp\/v2\/product_tag?post=284"}],"curies":[{"name":"wp","href":"https:\/\/api.w.org\/{rel}","templated":true}]}}