{"id":277,"date":"2022-05-24T11:41:21","date_gmt":"2022-05-24T11:41:21","guid":{"rendered":"http:\/\/rapol.co.rs\/?post_type=product&#038;p=277"},"modified":"2025-12-16T17:15:14","modified_gmt":"2025-12-16T17:15:14","slug":"bravarska-sarka-suza-o-10x60","status":"publish","type":"product","link":"https:\/\/rapol.co.rs\/en\/proizvod\/bravarska-sarka-suza-o-10x60\/","title":{"rendered":"Bravarska \u0161arka suza \u00d8 10\u00d760"},"content":{"rendered":"","protected":false},"excerpt":{"rendered":"<p>Model 2074, Te\u017eina 40 grama<\/p>\n<p><img loading=\"lazy\" decoding=\"async\" class=\"alignnone size-medium wp-image-278\" src=\"https:\/\/rapol.co.rs\/wp-content\/uploads\/2022\/05\/Varenje-300x230.jpg\" alt=\"\" width=\"300\" height=\"230\" srcset=\"https:\/\/rapol.co.rs\/wp-content\/uploads\/2022\/05\/Varenje-300x230.jpg 300w, https:\/\/rapol.co.rs\/wp-content\/uploads\/2022\/05\/Varenje-416x319.jpg 416w, https:\/\/rapol.co.rs\/wp-content\/uploads\/2022\/05\/Varenje.jpg 622w\" sizes=\"auto, (max-width: 300px) 100vw, 300px\" \/><\/p>\n","protected":false},"featured_media":279,"template":"","meta":[],"product_cat":[22],"product_tag":[],"class_list":["post-277","product","type-product","status-publish","has-post-thumbnail","hentry","product_cat-sarke-za-varenje"],"_links":{"self":[{"href":"https:\/\/rapol.co.rs\/en\/wp-json\/wp\/v2\/product\/277","targetHints":{"allow":["GET"]}}],"collection":[{"href":"https:\/\/rapol.co.rs\/en\/wp-json\/wp\/v2\/product"}],"about":[{"href":"https:\/\/rapol.co.rs\/en\/wp-json\/wp\/v2\/types\/product"}],"wp:featuredmedia":[{"embeddable":true,"href":"https:\/\/rapol.co.rs\/en\/wp-json\/wp\/v2\/media\/279"}],"wp:attachment":[{"href":"https:\/\/rapol.co.rs\/en\/wp-json\/wp\/v2\/media?parent=277"}],"wp:term":[{"taxonomy":"product_cat","embeddable":true,"href":"https:\/\/rapol.co.rs\/en\/wp-json\/wp\/v2\/product_cat?post=277"},{"taxonomy":"product_tag","embeddable":true,"href":"https:\/\/rapol.co.rs\/en\/wp-json\/wp\/v2\/product_tag?post=277"}],"curies":[{"name":"wp","href":"https:\/\/api.w.org\/{rel}","templated":true}]}}