{"id":271,"date":"2022-05-24T11:37:00","date_gmt":"2022-05-24T11:37:00","guid":{"rendered":"http:\/\/rapol.co.rs\/?post_type=product&#038;p=271"},"modified":"2025-12-22T18:29:06","modified_gmt":"2025-12-22T18:29:06","slug":"sarka-stelujuca-m-16x131-sa-usicom","status":"publish","type":"product","link":"https:\/\/rapol.co.rs\/en\/proizvod\/sarka-stelujuca-m-16x131-sa-usicom\/","title":{"rendered":"\u0160arka \u0161teluju\u0107a M 16\u00d7131 sa u\u0161icom"},"content":{"rendered":"","protected":false},"excerpt":{"rendered":"<p>Model 2070, Te\u017eina 450 grama<\/p>\n<p><img loading=\"lazy\" decoding=\"async\" class=\"alignnone size-medium wp-image-272\" src=\"https:\/\/rapol.co.rs\/wp-content\/uploads\/2022\/05\/JL03-Sarke-10-300x226.jpg\" alt=\"\" width=\"300\" height=\"226\" srcset=\"https:\/\/rapol.co.rs\/wp-content\/uploads\/2022\/05\/JL03-Sarke-10-300x226.jpg 300w, https:\/\/rapol.co.rs\/wp-content\/uploads\/2022\/05\/JL03-Sarke-10-416x314.jpg 416w, https:\/\/rapol.co.rs\/wp-content\/uploads\/2022\/05\/JL03-Sarke-10.jpg 604w\" sizes=\"auto, (max-width: 300px) 100vw, 300px\" \/><\/p>\n","protected":false},"featured_media":273,"template":"","meta":[],"product_cat":[21],"product_tag":[],"class_list":["post-271","product","type-product","status-publish","has-post-thumbnail","hentry","product_cat-sarke-stelujuce"],"_links":{"self":[{"href":"https:\/\/rapol.co.rs\/en\/wp-json\/wp\/v2\/product\/271","targetHints":{"allow":["GET"]}}],"collection":[{"href":"https:\/\/rapol.co.rs\/en\/wp-json\/wp\/v2\/product"}],"about":[{"href":"https:\/\/rapol.co.rs\/en\/wp-json\/wp\/v2\/types\/product"}],"wp:featuredmedia":[{"embeddable":true,"href":"https:\/\/rapol.co.rs\/en\/wp-json\/wp\/v2\/media\/273"}],"wp:attachment":[{"href":"https:\/\/rapol.co.rs\/en\/wp-json\/wp\/v2\/media?parent=271"}],"wp:term":[{"taxonomy":"product_cat","embeddable":true,"href":"https:\/\/rapol.co.rs\/en\/wp-json\/wp\/v2\/product_cat?post=271"},{"taxonomy":"product_tag","embeddable":true,"href":"https:\/\/rapol.co.rs\/en\/wp-json\/wp\/v2\/product_tag?post=271"}],"curies":[{"name":"wp","href":"https:\/\/api.w.org\/{rel}","templated":true}]}}