{"id":249,"date":"2022-05-24T11:22:00","date_gmt":"2022-05-24T11:22:00","guid":{"rendered":"http:\/\/rapol.co.rs\/?post_type=product&#038;p=249"},"modified":"2025-12-22T18:32:29","modified_gmt":"2025-12-22T18:32:29","slug":"sarka-stelujuca-drvo-metal-m-20-2","status":"publish","type":"product","link":"https:\/\/rapol.co.rs\/en\/proizvod\/sarka-stelujuca-drvo-metal-m-20-2\/","title":{"rendered":"\u0160arka \u0161teluju\u0107a Drvo metal M 20"},"content":{"rendered":"","protected":false},"excerpt":{"rendered":"<p>Model 2067, Te\u017eina 950 grama<\/p>\n<p><img loading=\"lazy\" decoding=\"async\" class=\"alignnone size-medium wp-image-251\" src=\"https:\/\/rapol.co.rs\/wp-content\/uploads\/2022\/05\/JL09-1-300x170.jpg\" alt=\"\" width=\"300\" height=\"170\" srcset=\"https:\/\/rapol.co.rs\/wp-content\/uploads\/2022\/05\/JL09-1-300x170.jpg 300w, https:\/\/rapol.co.rs\/wp-content\/uploads\/2022\/05\/JL09-1-416x236.jpg 416w, https:\/\/rapol.co.rs\/wp-content\/uploads\/2022\/05\/JL09-1.jpg 603w\" sizes=\"auto, (max-width: 300px) 100vw, 300px\" \/><\/p>\n","protected":false},"featured_media":250,"template":"","meta":[],"product_cat":[21],"product_tag":[],"class_list":["post-249","product","type-product","status-publish","has-post-thumbnail","hentry","product_cat-sarke-stelujuce"],"_links":{"self":[{"href":"https:\/\/rapol.co.rs\/en\/wp-json\/wp\/v2\/product\/249","targetHints":{"allow":["GET"]}}],"collection":[{"href":"https:\/\/rapol.co.rs\/en\/wp-json\/wp\/v2\/product"}],"about":[{"href":"https:\/\/rapol.co.rs\/en\/wp-json\/wp\/v2\/types\/product"}],"wp:featuredmedia":[{"embeddable":true,"href":"https:\/\/rapol.co.rs\/en\/wp-json\/wp\/v2\/media\/250"}],"wp:attachment":[{"href":"https:\/\/rapol.co.rs\/en\/wp-json\/wp\/v2\/media?parent=249"}],"wp:term":[{"taxonomy":"product_cat","embeddable":true,"href":"https:\/\/rapol.co.rs\/en\/wp-json\/wp\/v2\/product_cat?post=249"},{"taxonomy":"product_tag","embeddable":true,"href":"https:\/\/rapol.co.rs\/en\/wp-json\/wp\/v2\/product_tag?post=249"}],"curies":[{"name":"wp","href":"https:\/\/api.w.org\/{rel}","templated":true}]}}