{"id":243,"date":"2022-05-24T11:17:45","date_gmt":"2022-05-24T11:17:45","guid":{"rendered":"http:\/\/rapol.co.rs\/?post_type=product&#038;p=243"},"modified":"2025-12-22T18:32:49","modified_gmt":"2025-12-22T18:32:49","slug":"sarka-stelujuca-m24","status":"publish","type":"product","link":"https:\/\/rapol.co.rs\/en\/proizvod\/sarka-stelujuca-m24\/","title":{"rendered":"\u0160arka \u0161teluju\u0107a M24"},"content":{"rendered":"","protected":false},"excerpt":{"rendered":"<p>Model 2038, Te\u017eina 840 grama<\/p>\n<p><img loading=\"lazy\" decoding=\"async\" class=\"alignnone size-medium wp-image-244\" src=\"https:\/\/rapol.co.rs\/wp-content\/uploads\/2022\/05\/JL03-Sarke-7-300x226.jpg\" alt=\"\" width=\"300\" height=\"226\" srcset=\"https:\/\/rapol.co.rs\/wp-content\/uploads\/2022\/05\/JL03-Sarke-7-300x226.jpg 300w, https:\/\/rapol.co.rs\/wp-content\/uploads\/2022\/05\/JL03-Sarke-7-416x314.jpg 416w, https:\/\/rapol.co.rs\/wp-content\/uploads\/2022\/05\/JL03-Sarke-7.jpg 604w\" sizes=\"auto, (max-width: 300px) 100vw, 300px\" \/><\/p>\n<p><img loading=\"lazy\" decoding=\"async\" class=\"alignnone size-medium wp-image-245\" src=\"https:\/\/rapol.co.rs\/wp-content\/uploads\/2022\/05\/Jl03A-Tabela-7-300x279.jpg\" alt=\"\" width=\"300\" height=\"279\" srcset=\"https:\/\/rapol.co.rs\/wp-content\/uploads\/2022\/05\/Jl03A-Tabela-7-300x279.jpg 300w, https:\/\/rapol.co.rs\/wp-content\/uploads\/2022\/05\/Jl03A-Tabela-7-416x386.jpg 416w, https:\/\/rapol.co.rs\/wp-content\/uploads\/2022\/05\/Jl03A-Tabela-7.jpg 493w\" sizes=\"auto, (max-width: 300px) 100vw, 300px\" \/><\/p>\n","protected":false},"featured_media":256,"template":"","meta":[],"product_cat":[21],"product_tag":[],"class_list":["post-243","product","type-product","status-publish","has-post-thumbnail","hentry","product_cat-sarke-stelujuce"],"_links":{"self":[{"href":"https:\/\/rapol.co.rs\/en\/wp-json\/wp\/v2\/product\/243","targetHints":{"allow":["GET"]}}],"collection":[{"href":"https:\/\/rapol.co.rs\/en\/wp-json\/wp\/v2\/product"}],"about":[{"href":"https:\/\/rapol.co.rs\/en\/wp-json\/wp\/v2\/types\/product"}],"wp:featuredmedia":[{"embeddable":true,"href":"https:\/\/rapol.co.rs\/en\/wp-json\/wp\/v2\/media\/256"}],"wp:attachment":[{"href":"https:\/\/rapol.co.rs\/en\/wp-json\/wp\/v2\/media?parent=243"}],"wp:term":[{"taxonomy":"product_cat","embeddable":true,"href":"https:\/\/rapol.co.rs\/en\/wp-json\/wp\/v2\/product_cat?post=243"},{"taxonomy":"product_tag","embeddable":true,"href":"https:\/\/rapol.co.rs\/en\/wp-json\/wp\/v2\/product_tag?post=243"}],"curies":[{"name":"wp","href":"https:\/\/api.w.org\/{rel}","templated":true}]}}