{"id":2066,"date":"2022-05-25T13:11:03","date_gmt":"2022-05-25T13:11:03","guid":{"rendered":"http:\/\/rapol.co.rs\/proizvod\/sliding-gate-kit-horoz-demir-turkey\/"},"modified":"2022-05-25T13:11:03","modified_gmt":"2022-05-25T13:11:03","slug":"kit-za-kliznu-kapiju-horoz-demir-turska-2","status":"publish","type":"product","link":"https:\/\/rapol.co.rs\/en\/proizvod\/kit-za-kliznu-kapiju-horoz-demir-turska-2\/","title":{"rendered":"Sliding gate kit HOROZ DEMIR- Turkey"},"content":{"rendered":"","protected":false},"excerpt":{"rendered":"<p style=\"font-style: inherit; font-weight: inherit;\"><b><strong style=\"font-style: inherit;\"><span style=\"font-style: inherit; font-weight: inherit;\">MOTOR ZA KLIZNU KAPIJU HOROZ DEMIR TURSKA CSG600<\/span><\/strong><\/b><\/p>\n<p style=\"font-style: inherit; font-weight: inherit;\"><b><strong style=\"font-style: inherit;\"><span style=\"font-style: inherit; font-weight: inherit;\">Maksimalna te\u017eina Kapije 600 kg, <\/span><\/strong><\/b><b><strong style=\"font-style: inherit;\"><span style=\"font-style: inherit; font-weight: inherit;\">Du\u017eina 6 metara<\/span><\/strong><\/b><\/p>\n<p style=\"font-style: inherit; font-weight: inherit;\"><b><strong style=\"font-style: inherit;\"><span style=\"font-style: inherit; font-weight: inherit;\">Napajanje 220V. 50HZ.<\/span><\/strong><\/b><\/p>\n<p style=\"font-style: inherit; font-weight: inherit;\"><b><strong style=\"font-style: inherit;\"><span style=\"font-style: inherit; font-weight: inherit;\">Domet daljinskog upravlja\u010da 30 metara<\/span><\/strong><\/b><\/p>\n<p style=\"font-style: inherit; font-weight: inherit;\"><b><strong style=\"font-style: inherit;\"><span style=\"font-style: inherit; font-weight: inherit;\">Automatsko isklju\u010divanje<\/span><\/strong><\/b><\/p>\n<p style=\"font-style: inherit; font-weight: inherit;\"><b><strong style=\"font-style: inherit;\"><span style=\"font-style: inherit; font-weight: inherit;\">Brzina otvaranja 11m\/min<\/span><\/strong><\/b><\/p>\n<p style=\"font-style: inherit; font-weight: inherit;\"><b><strong style=\"font-style: inherit;\"><span style=\"font-style: inherit; font-weight: inherit;\">Komplet sadr\u017ei<\/span><\/strong><\/b><\/p>\n<p style=\"font-style: inherit; font-weight: inherit;\"><b><strong style=\"font-style: inherit;\"><span style=\"font-style: inherit; font-weight: inherit;\">1 Motor 220V 50HZ 250W <\/span><\/strong><\/b><\/p>\n<p style=\"font-style: inherit; font-weight: inherit;\"><b><strong style=\"font-style: inherit;\"><span style=\"font-style: inherit; font-weight: inherit;\">1 Kontrolnu kutiju<\/span><\/strong><\/b><\/p>\n<p style=\"font-style: inherit; font-weight: inherit;\"><b><strong style=\"font-style: inherit;\"><span style=\"font-style: inherit; font-weight: inherit;\">2 Daljinska upravlja\u010da<\/span><\/strong><\/b><\/p>\n<p style=\"font-style: inherit; font-weight: inherit;\"><b><strong style=\"font-style: inherit;\"><span style=\"font-style: inherit; font-weight: inherit;\">1 set Foto\u0107elija<\/span><\/strong><\/b><\/p>\n<p style=\"font-style: inherit; font-weight: inherit;\"><b><strong style=\"font-style: inherit;\"><span style=\"font-style: inherit; font-weight: inherit;\">2 Daljinska upravlja\u010da<\/span><\/strong><\/b><\/p>\n<p style=\"font-style: inherit; font-weight: inherit;\"><b><strong style=\"font-style: inherit;\"><span style=\"font-style: inherit; font-weight: inherit;\">1 Sugnalna sijalica<\/span><\/strong><\/b><\/p>\n<p style=\"font-style: inherit; font-weight: inherit;\"><b><strong style=\"font-style: inherit;\"><span style=\"font-style: inherit; font-weight: inherit;\">Te\u017eina 11 kg, \u0160ifra 4-5-600, CENA 33.500,00 Din<\/span><\/strong><\/b><\/p>\n<p style=\"font-style: inherit; font-weight: inherit;\"><b><strong style=\"font-style: inherit;\"><span style=\"font-style: inherit; font-weight: inherit;\">Dodatna oprema:<\/span><\/strong><\/b><\/p>\n<p style=\"font-style: inherit; font-weight: inherit;\"><b><strong style=\"font-style: inherit;\"><span style=\"font-style: inherit; font-weight: inherit;\">Daljinski upravlja\u010d \u0160ifra 4-5-40 CENA 1.050 din\/kom<\/span><\/strong><\/b><\/p>\n<p style=\"font-style: inherit; font-weight: inherit;\">Zup\u010dasta letva 10\u00d730 \u0160ifra CT01C CENA 1.050.00 Dim\/metar<\/p>\n<p style=\"font-style: inherit; font-weight: inherit;\"><span style=\"font-style: inherit; font-weight: inherit;\">Zup\u010dasta letva Plasti\u010dna \u0160ifra CT03B CENA 1.050.00 Dim\/metar <\/span><\/p>\n","protected":false},"featured_media":1795,"template":"","meta":[],"product_cat":[75],"product_tag":[],"class_list":["post-2066","product","type-product","status-publish","has-post-thumbnail","hentry","product_cat-motori-za-kapije-i-automatika-en"],"_links":{"self":[{"href":"https:\/\/rapol.co.rs\/en\/wp-json\/wp\/v2\/product\/2066","targetHints":{"allow":["GET"]}}],"collection":[{"href":"https:\/\/rapol.co.rs\/en\/wp-json\/wp\/v2\/product"}],"about":[{"href":"https:\/\/rapol.co.rs\/en\/wp-json\/wp\/v2\/types\/product"}],"wp:featuredmedia":[{"embeddable":true,"href":"https:\/\/rapol.co.rs\/en\/wp-json\/wp\/v2\/media\/1795"}],"wp:attachment":[{"href":"https:\/\/rapol.co.rs\/en\/wp-json\/wp\/v2\/media?parent=2066"}],"wp:term":[{"taxonomy":"product_cat","embeddable":true,"href":"https:\/\/rapol.co.rs\/en\/wp-json\/wp\/v2\/product_cat?post=2066"},{"taxonomy":"product_tag","embeddable":true,"href":"https:\/\/rapol.co.rs\/en\/wp-json\/wp\/v2\/product_tag?post=2066"}],"curies":[{"name":"wp","href":"https:\/\/api.w.org\/{rel}","templated":true}]}}