{"id":1007,"date":"2022-05-27T12:15:35","date_gmt":"2022-05-27T12:15:35","guid":{"rendered":"http:\/\/rapol.co.rs\/?post_type=product&#038;p=1007"},"modified":"2023-02-21T09:59:54","modified_gmt":"2023-02-21T09:59:54","slug":"burgija-hss-din-338-o-9-3-ceska","status":"publish","type":"product","link":"https:\/\/rapol.co.rs\/en\/proizvod\/burgija-hss-din-338-o-9-3-ceska\/","title":{"rendered":"Burgija HSS Din 338 \u00d8 9.3 \u010ce\u0161ka"},"content":{"rendered":"","protected":false},"excerpt":{"rendered":"","protected":false},"featured_media":1001,"template":"","meta":[],"product_cat":[55],"product_tag":[],"class_list":["post-1007","product","type-product","status-publish","has-post-thumbnail","hentry","product_cat-rasprodaja-dok-traju-zalihe"],"_links":{"self":[{"href":"https:\/\/rapol.co.rs\/en\/wp-json\/wp\/v2\/product\/1007","targetHints":{"allow":["GET"]}}],"collection":[{"href":"https:\/\/rapol.co.rs\/en\/wp-json\/wp\/v2\/product"}],"about":[{"href":"https:\/\/rapol.co.rs\/en\/wp-json\/wp\/v2\/types\/product"}],"wp:featuredmedia":[{"embeddable":true,"href":"https:\/\/rapol.co.rs\/en\/wp-json\/wp\/v2\/media\/1001"}],"wp:attachment":[{"href":"https:\/\/rapol.co.rs\/en\/wp-json\/wp\/v2\/media?parent=1007"}],"wp:term":[{"taxonomy":"product_cat","embeddable":true,"href":"https:\/\/rapol.co.rs\/en\/wp-json\/wp\/v2\/product_cat?post=1007"},{"taxonomy":"product_tag","embeddable":true,"href":"https:\/\/rapol.co.rs\/en\/wp-json\/wp\/v2\/product_tag?post=1007"}],"curies":[{"name":"wp","href":"https:\/\/api.w.org\/{rel}","templated":true}]}}